{"id":65350,"date":"2021-11-07T20:30:47","date_gmt":"2021-11-07T19:30:47","guid":{"rendered":"https:\/\/schatmakertjes.nl\/chariot\/"},"modified":"2024-09-01T17:07:12","modified_gmt":"2024-09-01T15:07:12","slug":"chariot","status":"publish","type":"page","link":"https:\/\/schatmakertjes.nl\/fr\/chariot\/","title":{"rendered":"Chariot"},"content":{"rendered":"\n\t<section class=\"section\" id=\"section_243132700\">\n\t\t<div class=\"section-bg fill\" >\n\t\t\t\t\t\t\t\t\t<div class=\"effect-sparkle bg-effect fill no-click\"><\/div>\n\t\t\t\n\n\t\t<\/div>\n\n\t\t\n\n\t\t<div class=\"section-content relative\">\n\t\t\t\r\n\r\n\t<div id=\"text-619740294\" class=\"text\">\n\t\t\r\n\r\nEN RAISON DES CIRCONSTANCES ACTUELLES, LES D\u00c9LAIS DE LIVRAISON SONT L\u00c9G\u00c8REMENT PLUS LONGS. LES COMMANDES SERONT EXP\u00c9DI\u00c9ES \u00c0 NOUVEAU \u00c0 PARTIR DU VENDREDI 4 MAI.\r\n\r\n\t\t\n<style>\n#text-619740294 {\n  font-size: 1.5rem;\n  color: rgb(255,255,255);\n}\n#text-619740294 > * {\n  color: rgb(255,255,255);\n}\n<\/style>\n\t<\/div>\n\t\r\n\r\n\t\t<\/div>\n\n\t\t\n<style>\n#section_243132700 {\n  padding-top: 15px;\n  padding-bottom: 15px;\n  min-height: 15px;\n  background-color: rgb(237, 80, 184);\n}\n<\/style>\n\t<\/section>\n\t\n\n\n<p><\/p>\n","protected":false},"excerpt":{"rendered":"","protected":false},"author":1,"featured_media":0,"parent":0,"menu_order":0,"comment_status":"closed","ping_status":"closed","template":"","meta":{"advanced_seo_description":"","jetpack_seo_html_title":"","jetpack_seo_noindex":false,"footnotes":""},"class_list":["post-65350","page","type-page","status-publish","hentry"],"jetpack_sharing_enabled":true,"_links":{"self":[{"href":"https:\/\/schatmakertjes.nl\/fr\/wp-json\/wp\/v2\/pages\/65350","targetHints":{"allow":["GET"]}}],"collection":[{"href":"https:\/\/schatmakertjes.nl\/fr\/wp-json\/wp\/v2\/pages"}],"about":[{"href":"https:\/\/schatmakertjes.nl\/fr\/wp-json\/wp\/v2\/types\/page"}],"author":[{"embeddable":true,"href":"https:\/\/schatmakertjes.nl\/fr\/wp-json\/wp\/v2\/users\/1"}],"replies":[{"embeddable":true,"href":"https:\/\/schatmakertjes.nl\/fr\/wp-json\/wp\/v2\/comments?post=65350"}],"version-history":[{"count":0,"href":"https:\/\/schatmakertjes.nl\/fr\/wp-json\/wp\/v2\/pages\/65350\/revisions"}],"wp:attachment":[{"href":"https:\/\/schatmakertjes.nl\/fr\/wp-json\/wp\/v2\/media?parent=65350"}],"curies":[{"name":"wp","href":"https:\/\/api.w.org\/{rel}","templated":true}]}}