{"id":90882,"date":"2023-07-23T16:01:21","date_gmt":"2023-07-23T14:01:21","guid":{"rendered":"https:\/\/schatmakertjes.nl\/?post_type=product&#038;p=90882"},"modified":"2026-04-02T21:20:14","modified_gmt":"2026-04-02T19:20:14","slug":"tooli-art-acryl-farbmarker-24-juwelentone-extrafein-0-7-punkte","status":"publish","type":"product","link":"https:\/\/schatmakertjes.nl\/de\/product\/tooli-art-acryl-farbmarker-24-juwelentone-extrafein-0-7-punkte\/","title":{"rendered":"TOOLI-ART Acryl-Farbmarker, 24 Juwelent\u00f6ne (extrafein, 0,7 Punkt)"},"content":{"rendered":"<p><strong>TOOLI-ART Links<\/strong><\/p>\n<ul>\n<li>Name: 24 Jewel Dark Tones Acrylfarbenstifte, Sonderfarben-Serie, Marker-Set (0,7 mm extrafein)<\/li>\n<li><a class=\"waffle-rich-text-link\" href=\"https:\/\/tooli-art.com\/shopnow\/\">Website<\/a> \/ <a class=\"waffle-rich-text-link\" href=\"https:\/\/shop.tooli-art.com\/products\/24-jewel-dark-tones-acrylic-paint-pens-special-color-series-markers-set-0-7mm-extra-fine\">Produkt<\/a> \/ <a class=\"waffle-rich-text-link\" href=\"https:\/\/tooli-art.com\/faq\/\">FAQ<\/a><\/li>\n<li>Amazon Shop <a class=\"waffle-rich-text-link\" href=\"https:\/\/www.amazon.nl\/dp\/B0BK5JFH6T\">Niederlande<\/a> \/ <a class=\"waffle-rich-text-link\" href=\"https:\/\/www.amazon.de\/dp\/B0BK5JFH6T\">Deutschland<\/a> \/ <a class=\"waffle-rich-text-link\" href=\"https:\/\/www.amazon.be\/dp\/B0BK5JFH6T\">Belgien<\/a> \/ <a class=\"waffle-rich-text-link\" href=\"https:\/\/www.amazon.fr\/dp\/B0BK5JFH6T\">Frankreich<\/a> \/ <a class=\"waffle-rich-text-link\" href=\"https:\/\/www.amazon.com\/dp\/B0BK5JFH6T\">(USA) Vereinigte Staaten<\/a> (ASIN: B0BK5JFH6T)<\/li>\n<li>Funktion: AJ24X<\/li>\n<\/ul>\n<p><img loading=\"lazy\" decoding=\"async\" class=\"aligncenter\" src=\"https:\/\/cdn.shopify.com\/s\/files\/1\/0227\/4639\/8797\/products\/Listing-Pictures_STEPS_sm_52fc60cf-7021-4046-a4f5-a68bff814391.jpg\" width=\"536\" height=\"412\"><\/p>\n","protected":false},"excerpt":{"rendered":"<p><img loading=\"lazy\" decoding=\"async\" class=\" wp-image-87729 aligncenter\" src=\"https:\/\/schatmakertjes.nl\/wp-content\/uploads\/2023\/05\/Tooli-Art-Logo-e1685215671160.png\" alt=\"\" width=\"374\" height=\"73\" srcset=\"https:\/\/schatmakertjes.nl\/wp-content\/uploads\/2023\/05\/Tooli-Art-Logo-e1685215671160.png 1687w, https:\/\/schatmakertjes.nl\/wp-content\/uploads\/2023\/05\/Tooli-Art-Logo-e1685215671160-800x156.png 800w, https:\/\/schatmakertjes.nl\/wp-content\/uploads\/2023\/05\/Tooli-Art-Logo-e1685215671160-1400x272.png 1400w, https:\/\/schatmakertjes.nl\/wp-content\/uploads\/2023\/05\/Tooli-Art-Logo-e1685215671160-768x149.png 768w, https:\/\/schatmakertjes.nl\/wp-content\/uploads\/2023\/05\/Tooli-Art-Logo-e1685215671160-1536x299.png 1536w, https:\/\/schatmakertjes.nl\/wp-content\/uploads\/2023\/05\/Tooli-Art-Logo-e1685215671160-600x117.png 600w\" sizes=\"auto, (max-width: 374px) 100vw, 374px\" \/><\/p>\n<p style=\"text-align: center\"><strong>TOOLI-ART Acryl-Farbmarker, 24 Juwelent\u00f6ne (extrafein, 0,7 Punkt)<\/strong><\/p>\n<p style=\"text-align: center\"><strong>Meine Lieblings-Acryl-Farbstiften!<\/strong><\/p>\n<p><span data-sheets-value=\"{\"1\":2,\"2\":\"TOOLI-ART Acrylverfstiften 24 jewel tones (Extra Fijne 0.7 punt)nMijn favoriete Acrylverfstiften!nnDeze set met 24 stiften in jewel tones kleuren bevat 24 stiften met extra fijne punt. nDe sterk gepigmenteerde inkt zorgt voor een goede dekking op bijna alle ondergronden, steen, glas, hout, metaal, stof, porselein, canvas, plastic, papier, karton, aardewerk, enz. nDe inkt droogt snel en werkt uitstekend op donkere en lichte oppervlakken. nDe pennen zijn licht en comfortabel om vast te houden en te gebruiken. nnMet de extra fijne 0,7 mm punt cre\u00eber je fijne, gedetailleerde lijnen, ideaal voor tekenen, schetsen of het maken van fijne stippen. Voor het inkleuren van grotere oppervlakken raad ik je de stiften met een Medium punt.nnDe punten kunnen indien nodig gereinigd of vervangen worden.nnDeze stiften zijn veilig en niet-giftig \u2013 Zuurvrij, op waterbasis en geurloos. Vermijd direct contact met voedsel.nVoldoet aan ASTM D-4236 en EN-71 veiligheidsnormen.nnDe ideale verfstiften voor kunstenaars, studenten, professionals, kinderen (vanaf 3 jaar, onder toezicht), jongeren, volwassenen.\"}\" data-sheets-userformat=\"{\"2\":899,\"3\":{\"1\":0},\"4\":{\"1\":3,\"3\":6},\"10\":0,\"11\":4,\"12\":0}\">Dieses Set aus 24 Stiften in Juwelent\u00f6nen enth\u00e4lt 24 Stifte mit extra feiner Spitze.<br \/>\n<\/span><\/p>\n<p><span data-sheets-value=\"{\"1\":2,\"2\":\"TOOLI-ART Acrylverfstiften 24 jewel tones (Extra Fijne 0.7 punt)nMijn favoriete Acrylverfstiften!nnDeze set met 24 stiften in jewel tones kleuren bevat 24 stiften met extra fijne punt. nDe sterk gepigmenteerde inkt zorgt voor een goede dekking op bijna alle ondergronden, steen, glas, hout, metaal, stof, porselein, canvas, plastic, papier, karton, aardewerk, enz. nDe inkt droogt snel en werkt uitstekend op donkere en lichte oppervlakken. nDe pennen zijn licht en comfortabel om vast te houden en te gebruiken. nnMet de extra fijne 0,7 mm punt cre\u00eber je fijne, gedetailleerde lijnen, ideaal voor tekenen, schetsen of het maken van fijne stippen. Voor het inkleuren van grotere oppervlakken raad ik je de stiften met een Medium punt.nnDe punten kunnen indien nodig gereinigd of vervangen worden.nnDeze stiften zijn veilig en niet-giftig \u2013 Zuurvrij, op waterbasis en geurloos. Vermijd direct contact met voedsel.nVoldoet aan ASTM D-4236 en EN-71 veiligheidsnormen.nnDe ideale verfstiften voor kunstenaars, studenten, professionals, kinderen (vanaf 3 jaar, onder toezicht), jongeren, volwassenen.\"}\" data-sheets-userformat=\"{\"2\":899,\"3\":{\"1\":0},\"4\":{\"1\":3,\"3\":6},\"10\":0,\"11\":4,\"12\":0}\">Die hochpigmentierte Tinte bietet eine gute Deckkraft auf fast allen Oberfl\u00e4chen, Stein, Glas, Holz, Metall, Stoff, Porzellan, Leinwand, Kunststoff, Papier, Pappe, Steingut usw.<br \/>\nDie Tinte trocknet schnell und eignet sich hervorragend f\u00fcr dunkle und helle Oberfl\u00e4chen.<br \/>\nDie Stifte sind leicht und bequem zu halten und zu verwenden.<\/span><\/p>\n<p>Mit der extrafeinen 0,7-mm-Spitze erstellen Sie feine, detaillierte Linien, ideal zum Zeichnen, Skizzieren oder f\u00fcr feine Punkte. Zum Einf\u00e4rben gr\u00f6\u00dferer Fl\u00e4chen empfehle ich die Marker mit mittlerer Spitze.<\/p>\n<p>Die Spitzen k\u00f6nnen bei Bedarf gereinigt oder ausgetauscht werden.<\/p>\n<p>Diese Marker sind sicher und ungiftig \u2013 s\u00e4urefrei, wasserbasiert und geruchlos. Vermeiden Sie den direkten Kontakt mit Lebensmitteln.<br \/>\nErf\u00fcllt die Sicherheitsnormen ASTM D-4236 und EN-71.<\/p>\n<p>Die idealen Malstifte f\u00fcr K\u00fcnstler, Studenten, Berufst\u00e4tige, Kinder (ab 3 Jahren, unter Aufsicht), Jugendliche, Erwachsene.<\/p>\n","protected":false},"featured_media":90699,"template":"","meta":{"advanced_seo_description":"","jetpack_seo_html_title":"","jetpack_seo_noindex":false},"product_brand":[],"product_cat":[1044,1003],"product_tag":[],"class_list":{"0":"post-90882","1":"product","2":"type-product","3":"status-publish","4":"has-post-thumbnail","6":"product_cat-stifte","7":"product_cat-tooli-art-de","8":"product_shipping_class-versandkosten-nach-gewicht","10":"first","11":"instock","12":"taxable","13":"shipping-taxable","14":"purchasable","15":"product-type-simple"},"jetpack_sharing_enabled":true,"_links":{"self":[{"href":"https:\/\/schatmakertjes.nl\/de\/wp-json\/wp\/v2\/product\/90882","targetHints":{"allow":["GET"]}}],"collection":[{"href":"https:\/\/schatmakertjes.nl\/de\/wp-json\/wp\/v2\/product"}],"about":[{"href":"https:\/\/schatmakertjes.nl\/de\/wp-json\/wp\/v2\/types\/product"}],"wp:featuredmedia":[{"embeddable":true,"href":"https:\/\/schatmakertjes.nl\/de\/wp-json\/wp\/v2\/media\/90699"}],"wp:attachment":[{"href":"https:\/\/schatmakertjes.nl\/de\/wp-json\/wp\/v2\/media?parent=90882"}],"wp:term":[{"taxonomy":"product_brand","embeddable":true,"href":"https:\/\/schatmakertjes.nl\/de\/wp-json\/wp\/v2\/product_brand?post=90882"},{"taxonomy":"product_cat","embeddable":true,"href":"https:\/\/schatmakertjes.nl\/de\/wp-json\/wp\/v2\/product_cat?post=90882"},{"taxonomy":"product_tag","embeddable":true,"href":"https:\/\/schatmakertjes.nl\/de\/wp-json\/wp\/v2\/product_tag?post=90882"}],"curies":[{"name":"wp","href":"https:\/\/api.w.org\/{rel}","templated":true}]}}