{"id":89992,"date":"2023-06-25T20:07:23","date_gmt":"2023-06-25T18:07:23","guid":{"rendered":"https:\/\/schatmakertjes.nl\/product\/liquitex-pouring-medium-237ml\/"},"modified":"2025-06-13T17:15:43","modified_gmt":"2025-06-13T15:15:43","slug":"liquitex-pouring-medium-237ml","status":"publish","type":"product","link":"https:\/\/schatmakertjes.nl\/de\/product\/liquitex-pouring-medium-237ml\/","title":{"rendered":"Liquitex Pouring Medium 237ml"},"content":{"rendered":"<p>Und hier ist ein Video, in dem ich Acrylfarbe mit Gie\u00dffl\u00fcssigkeit zum Doping mische:<\/p>\n<p><iframe loading=\"lazy\" title=\"Acrylic Paint mixing for dotpainting\" width=\"1020\" height=\"574\" src=\"https:\/\/www.youtube.com\/embed\/1ECn7d1vwRs?feature=oembed\" frameborder=\"0\" allow=\"accelerometer; autoplay; clipboard-write; encrypted-media; gyroscope; picture-in-picture; web-share\" allowfullscreen><\/iframe><\/p>\n","protected":false},"excerpt":{"rendered":"<p><span data-sheets-value=\"{\"1\":2,\"2\":\"Liquitex Pouring Medium - Gloss - Glans\\nProfessioneel Medium voor gebruik bij pouring technieken of het verdunnen van Acrylverf voor dotpainten. Met pouring medium verlaag je de viscositeit van je verf en wordt dus vloeibaarder. Daarnaast verhoogt het de flexibiliteit van je verf en wordt hij soepeler. \\n\\nVoor meer info:\\nhttps:\/\/www.liquitex.com\/row\/products\/professional\/gessoes-mediums-varnishes\/gloss-pouring-medium\/\\n\\nEn hier een filmpje waarin ik Acrylverf meng met pouring liquid voor het dotten:\\nhttps:\/\/www.youtube.com\/watch?v=1ECn7d1vwRs\"}\" data-sheets-userformat=\"{\"2\":1049345,\"3\":{\"1\":0},\"11\":4,\"12\":0,\"23\":1}\" data-sheets-textstyleruns=\"{\"1\":0}\uee10{\"1\":420,\"2\":{\"2\":{\"1\":2,\"2\":1136076},\"9\":1}}\uee10{\"1\":422}\uee10{\"1\":503,\"2\":{\"2\":{\"1\":2,\"2\":1136076},\"9\":1}}\" data-sheets-hyperlinkruns=\"{\"1\":420,\"2\":\"https:\/\/www.liquitex.com\/row\/products\/professional\/gessoes-mediums-varnishes\/high-gloss-varnish\/\"}\uee10{\"1\":422}\uee10{\"1\":503,\"2\":\"https:\/\/www.youtube.com\/watch?v=1ECn7d1vwRs\"}\uee10{\"1\":546}\">Liquitex Pouring Medium &#8211; Glanz<\/p>\n<p>Professionelles Medium zum Einsatz mit Gie\u00dfentechniken oder der Verd\u00fcnnung der Acrylfarbe zum Dotpainting. Wenn Sie mit Medium gie\u00dfen, senken Sie die Viskosit\u00e4t Ihrer Farbe und werden daher fl\u00fcssiger. Dar\u00fcber hinaus erh\u00f6ht es die Flexibilit\u00e4t Ihrer Farbe und wird reibungsloser.<\/span><\/p>\n<p>F\u00fcr mehr Informationen:<\/p>\n<p>https:\/\/www.liquitex.com\/row\/products\/professional\/gessoes-mediums-varnishes\/gloss-pouring-medium\/<\/p>\n","protected":false},"featured_media":89578,"template":"","meta":{"advanced_seo_description":"","jetpack_seo_html_title":"","jetpack_seo_noindex":false},"product_brand":[],"product_cat":[995,1049],"product_tag":[],"class_list":{"0":"post-89992","1":"product","2":"type-product","3":"status-publish","4":"has-post-thumbnail","6":"product_cat-liquitex-de","7":"product_cat-mehr-produkte","8":"product_shipping_class-versandkosten-nach-gewicht","10":"first","11":"outofstock","12":"taxable","13":"shipping-taxable","14":"purchasable","15":"product-type-simple"},"jetpack_sharing_enabled":true,"_links":{"self":[{"href":"https:\/\/schatmakertjes.nl\/de\/wp-json\/wp\/v2\/product\/89992","targetHints":{"allow":["GET"]}}],"collection":[{"href":"https:\/\/schatmakertjes.nl\/de\/wp-json\/wp\/v2\/product"}],"about":[{"href":"https:\/\/schatmakertjes.nl\/de\/wp-json\/wp\/v2\/types\/product"}],"wp:featuredmedia":[{"embeddable":true,"href":"https:\/\/schatmakertjes.nl\/de\/wp-json\/wp\/v2\/media\/89578"}],"wp:attachment":[{"href":"https:\/\/schatmakertjes.nl\/de\/wp-json\/wp\/v2\/media?parent=89992"}],"wp:term":[{"taxonomy":"product_brand","embeddable":true,"href":"https:\/\/schatmakertjes.nl\/de\/wp-json\/wp\/v2\/product_brand?post=89992"},{"taxonomy":"product_cat","embeddable":true,"href":"https:\/\/schatmakertjes.nl\/de\/wp-json\/wp\/v2\/product_cat?post=89992"},{"taxonomy":"product_tag","embeddable":true,"href":"https:\/\/schatmakertjes.nl\/de\/wp-json\/wp\/v2\/product_tag?post=89992"}],"curies":[{"name":"wp","href":"https:\/\/api.w.org\/{rel}","templated":true}]}}