{"id":103955,"date":"2021-11-07T19:07:40","date_gmt":"2021-11-07T18:07:40","guid":{"rendered":"https:\/\/schatmakertjes.nl\/datenschutzerklaerung-schatzmeister\/"},"modified":"2025-06-13T17:11:04","modified_gmt":"2025-06-13T15:11:04","slug":"datenschutzerklaerung-schatzmeister","status":"publish","type":"page","link":"https:\/\/schatmakertjes.nl\/de\/datenschutzerklaerung-schatzmeister\/","title":{"rendered":"Datenschutzerkl\u00e4rung Schatzmeister"},"content":{"rendered":"\n<h1 class=\"has-text-align-center wp-block-heading\">Datenschutzerkl\u00e4rung Schatzmeister<\/h1>\n\n<h2 class=\"wp-block-heading\">\u00dcber unsere Datenschutzerkl\u00e4rung<\/h2>\n\n<p>Treasure Makers legt gro\u00dfen Wert auf Ihre Privatsph\u00e4re. Wir verarbeiten daher nur Daten, die wir zur (Verbesserung) unserer Dienstleistungen ben\u00f6tigen und gehen sorgf\u00e4ltig mit den Informationen um, die wir \u00fcber Sie und Ihre Nutzung unserer Dienste gesammelt haben. Wir geben Ihre Daten niemals zu kommerziellen Zwecken an Dritte weiter.  <\/p>\n\n<p>Diese Datenschutzerkl\u00e4rung gilt f\u00fcr die Nutzung der Website und der von Schatmakertjes bereitgestellten Dienste. Das Datum des Inkrafttretens f\u00fcr die G\u00fcltigkeit dieser Allgemeinen Gesch\u00e4ftsbedingungen ist der 14.02.2021, mit der Ver\u00f6ffentlichung einer neuen Version erlischt die G\u00fcltigkeit aller vorherigen Versionen. Diese Datenschutzerkl\u00e4rung beschreibt, welche Daten \u00fcber Sie von uns erhoben werden, wof\u00fcr diese Daten verwendet werden und an wen und unter welchen Bedingungen diese Daten an Dritte weitergegeben werden d\u00fcrfen. Au\u00dferdem erl\u00e4utern wir Ihnen, wie wir Ihre Daten speichern und wie wir Ihre Daten vor Missbrauch sch\u00fctzen und welche Rechte Sie in Bezug auf die personenbezogenen Daten, die Sie uns zur Verf\u00fcgung stellen, haben.   <\/p>\n\n<p>Wenn Sie Fragen zu unserer Datenschutzerkl\u00e4rung haben, wenden Sie sich bitte an unseren Ansprechpartner f\u00fcr Datenschutzangelegenheiten, die Kontaktdaten finden Sie am Ende unserer Datenschutzerkl\u00e4rung.<\/p>\n\n<h2 class=\"wp-block-heading\">\u00dcber die Datenverarbeitung<\/h2>\n\n<p>Im Folgenden k\u00f6nnen Sie nachlesen, wie wir Ihre Daten verarbeiten, wo wir sie speichern (oder speichern lassen), welche Sicherheitstechniken wir verwenden und f\u00fcr wen die Daten zug\u00e4nglich sind.<\/p>\n\n<h3 class=\"wp-block-heading\">Software f\u00fcr Online-Shops<\/h3>\n\n<h4 class=\"wp-block-heading\">WooCommerce (Englisch)<\/h4>\n\n<p>Unser Webshop wurde mit der Software von WooCommerce entwickelt. Personenbezogene Daten, die Sie uns zum Zwecke unserer Dienstleistungen zur Verf\u00fcgung stellen, werden an diese Partei weitergegeben. WooCommerce hat Zugriff auf Ihre Daten, um uns (technischen) Support zu leisten, sie werden Ihre Daten niemals f\u00fcr andere Zwecke verwenden. WooCommerce ist verpflichtet, auf der Grundlage der Vereinbarung, die wir mit WooCommerce geschlossen haben, geeignete Sicherheitsma\u00dfnahmen zu ergreifen. Diese Sicherheitsma\u00dfnahmen bestehen aus der Anwendung von SSL-Verschl\u00fcsselung und einer starken Passwortrichtlinie. WooCommerce verwendet Cookies, um technische Informationen \u00fcber Ihre Nutzung der Software zu sammeln, es werden keine personenbezogenen Daten gesammelt und\/oder gespeichert.     <\/p>\n\n<p>WooCommerce beh\u00e4lt sich das Recht vor, gesammelte Daten innerhalb der eigenen Gruppe zu teilen, um den Service weiter zu verbessern.<\/p>\n\n<h4 class=\"wp-block-heading\">WooCommerce (Englisch)<\/h4>\n\n<p>Unser Webshop wurde mit der Software von WooCommerce entwickelt, die wir f\u00fcr unser Webhosting ausgew\u00e4hlt haben. Personenbezogene Daten, die Sie uns zum Zwecke unserer Dienstleistungen zur Verf\u00fcgung stellen, werden an diese Partei weitergegeben. Zugriff auf Ihre Daten hat, um uns (technischen) Support zu leisten, werden sie Ihre Daten niemals f\u00fcr andere Zwecke verwenden. ist verpflichtet, auf der Grundlage des Vertrages, den wir mit ihm geschlossen haben, geeignete Sicherheitsma\u00dfnahmen zu ergreifen. Diese Sicherheitsma\u00dfnahmen bestehen aus der Anwendung von SSL-Verschl\u00fcsselung und einer starken Passwortrichtlinie. Es werden regelm\u00e4\u00dfige Backups erstellt, um Datenverlust zu vermeiden.     <\/p>\n\n<h4 class=\"wp-block-heading\">WooCommerce (Englisch)<\/h4>\n\n<p>Unser Webshop wird mit der Software von WooCommerce entwickelt, wir hosten unseren Webshop auf einem Server unter unserer eigenen Verwaltung. Wir haben geeignete technische und organisatorische Ma\u00dfnahmen ergriffen, um Missbrauch, Verlust und Besch\u00e4digung von Daten so weit wie m\u00f6glich zu verhindern. In jedem Fall bestehen diese Sicherheitsma\u00dfnahmen aus der Anwendung von SSL-Verschl\u00fcsselung und einer starken Passwortrichtlinie. Es werden regelm\u00e4\u00dfige Backups erstellt, um Datenverlust zu vermeiden.   <\/p>\n\n<h4 class=\"wp-block-heading\">Gmail (Englisch)<\/h4>\n\n<p>Wir nutzen die Dienste von Gmail f\u00fcr unseren regelm\u00e4\u00dfigen gesch\u00e4ftlichen E-Mail-Verkehr. Diese Partei hat geeignete technische und organisatorische Ma\u00dfnahmen ergriffen, um Missbrauch, Verlust und Besch\u00e4digung Ihrer und unserer Daten so weit wie m\u00f6glich zu verhindern. Gmail hat keinen Zugriff auf unser Postfach und wir behandeln unseren gesamten E-Mail-Verkehr vertraulich.  <\/p>\n\n<h3 class=\"wp-block-heading\">Zahlungsabwickler<\/h3>\n\n<h4 class=\"wp-block-heading\">Mollie<\/h4>\n\n<p>Wir verwenden die Mollie-Plattform, um (teilweise) die Zahlungen in unserem Webshop abzuwickeln. Mollie verarbeitet Ihren Namen, Ihre Adresse und Ihren Wohnort sowie Ihre Zahlungsdaten wie Ihr Bankkonto oder Ihre Kreditkartennummer. Mollie hat geeignete technische und organisatorische Ma\u00dfnahmen ergriffen, um Ihre personenbezogenen Daten zu sch\u00fctzen. Mollie beh\u00e4lt sich das Recht vor, Ihre Daten zur weiteren Verbesserung seiner Dienstleistungen zu verwenden und in diesem Zusammenhang (anonymisierte) Daten an Dritte weiterzugeben.   <\/p>\n\n<p>Alle oben genannten Garantien in Bezug auf den Schutz Ihrer personenbezogenen Daten gelten auch f\u00fcr die Teile der Dienstleistungen von Mollie, f\u00fcr die sie Dritte beauftragen. Mollie speichert Ihre Daten nicht l\u00e4nger als gesetzlich zul\u00e4ssig. <\/p>\n\n<h3 class=\"wp-block-heading\">Rezensionen<\/h3>\n\n<h3 class=\"wp-block-heading\">Versand und Logistik<\/h3>\n\n<h4 class=\"wp-block-heading\">PostNL<\/h4>\n\n<p>Wenn Sie eine Bestellung bei uns aufgeben, ist es unsere Aufgabe, Ihr Paket an Sie liefern zu lassen. Wir nutzen die Dienste von PostNL, um die Lieferungen durchzuf\u00fchren. Es ist daher notwendig, dass wir Ihren Namen, Ihre Adresse und Ihren Wohnort an PostNL weitergeben. PostNL wird diese Daten nur zum Zwecke der Vertragsabwicklung verwenden. F\u00fcr den Fall, dass PostNL Subunternehmer beauftragt, wird PostNL Ihre Daten auch diesen Parteien zur Verf\u00fcgung stellen.    <\/p>\n\n<h4 class=\"wp-block-heading\">DHL<\/h4>\n\n<p>Wenn Sie eine Bestellung bei uns aufgeben, ist es unsere Aufgabe, Ihr Paket an Sie liefern zu lassen. F\u00fcr die Durchf\u00fchrung der Lieferungen nutzen wir die Dienste von DHL. Es ist daher erforderlich, dass wir Ihren Namen, Ihre Adresse und Ihren Wohnort an DHL weitergeben. DHL verwendet diese Daten nur zum Zwecke der Vertragsabwicklung. F\u00fcr den Fall, dass DHL Subunternehmer einschaltet, wird DHL Ihre Daten auch diesen Parteien zur Verf\u00fcgung stellen.    <\/p>\n\n<h4 class=\"wp-block-heading\">USV<\/h4>\n\n<p>Wenn Sie eine Bestellung bei uns aufgeben, ist es unsere Aufgabe, Ihr Paket an Sie liefern zu lassen. Wir nehmen die Dienste von UPS in Anspruch, um die Lieferungen durchzuf\u00fchren. Es ist notwendig, dass wir Ihren Namen, Ihre Adresse und Ihre Wohnortinformationen an UPS weitergeben. UPS verwendet diese Daten nur zum Zwecke der Vertragsabwicklung. F\u00fcr den Fall, dass UPS Subunternehmer beauftragt, wird UPS Ihre Daten auch diesen Parteien zur Verf\u00fcgung stellen.    <\/p>\n\n<h4 class=\"wp-block-heading\">GLS<\/h4>\n\n<p>Wenn Sie eine Bestellung bei uns aufgeben, ist es unsere Aufgabe, Ihr Paket an Sie liefern zu lassen. F\u00fcr die Durchf\u00fchrung der Lieferungen nehmen wir die Dienste von GLS in Anspruch. Zu diesem Zweck m\u00fcssen wir Ihren Namen, Ihre Adresse und Ihre Wohnortdaten an GLS weitergeben. GLS wird diese Daten nur zum Zwecke der Vertragserf\u00fcllung verwenden. F\u00fcr den Fall, dass GLS Subunternehmer einschaltet, wird GLS Ihre Daten auch diesen zur Verf\u00fcgung stellen.    <\/p>\n\n<h4 class=\"wp-block-heading\">Deutsche Post<\/h4>\n\n<p>Wenn Sie eine Bestellung bei uns aufgeben, ist es unsere Aufgabe, Ihr Paket an Sie liefern zu lassen. F\u00fcr die Durchf\u00fchrung der Lieferungen nehmen wir die Dienste der Deutschen Post in Anspruch. Es ist daher erforderlich, dass wir Ihren Namen, Ihre Adresse und Ihre Wohnortdaten an die Deutsche Post weitergeben. Die Deutsche Post wird diese Daten nur zum Zwecke der Vertragserf\u00fcllung verwenden. F\u00fcr den Fall, dass die Deutsche Post Subunternehmer beauftragt, wird die Deutsche Post Ihre Daten auch diesen zur Verf\u00fcgung stellen.    <\/p>\n\n<h3 class=\"wp-block-heading\">Externe Vertriebskan\u00e4le<\/h3>\n\n<h4 class=\"wp-block-heading\">Marktplaats.nl<\/h4>\n\n<p>Wir verkaufen (einen Teil) unserer Artikel \u00fcber die Marktplaats.nl Plattform. Wenn Sie \u00fcber diese Plattform eine Bestellung aufgeben, geben Marktplaats.nl Ihre Bestellung und Ihre personenbezogenen Daten an uns weiter. Wir verwenden diese Daten zur Abwicklung Ihrer Bestellung. Wir behandeln Ihre Daten vertraulich und haben geeignete technische und organisatorische Ma\u00dfnahmen getroffen, um Ihre Daten vor Verlust und unbefugter Nutzung zu sch\u00fctzen.   <\/p>\n\n<h2 class=\"wp-block-heading\">Zweck der Datenverarbeitung<\/h2>\n\n<h3 class=\"wp-block-heading\">Allgemeiner Zweck der Verarbeitung<\/h3>\n\n<p>Wir verwenden Ihre Daten nur zum Zwecke der Erbringung unserer Dienstleistungen. Das bedeutet, dass der Zweck der Verarbeitung immer in direktem Zusammenhang mit der von Ihnen erteilten Bestellung steht. Wir verwenden Ihre Daten nicht f\u00fcr (gezieltes) Marketing. Wenn Sie uns Daten mitteilen und wir diese Daten verwenden, um Sie zu einem sp\u00e4teren Zeitpunkt zu kontaktieren, werden wir Sie um Ihre ausdr\u00fcckliche Erlaubnis bitten, dies zu tun. Ihre Daten werden nicht an Dritte weitergegeben, au\u00dfer zur Erf\u00fcllung von Buchhaltungs- und anderen administrativen Verpflichtungen. Diese Dritten sind alle aufgrund der Vereinbarung zwischen ihnen und uns oder eines Eides oder einer gesetzlichen Verpflichtung zur Vertraulichkeit verpflichtet.     <\/p>\n\n<h3 class=\"wp-block-heading\">Automatisch gesammelte Daten<\/h3>\n\n<p>Daten, die von unserer Website automatisch erfasst werden, werden mit dem Ziel verarbeitet, unsere Dienstleistungen weiter zu verbessern. Bei diesen Daten (z.B. Ihrer IP-Adresse, Ihrem Webbrowser und Ihrem Betriebssystem) handelt es sich nicht um personenbezogene Daten. <\/p>\n\n<h3 class=\"wp-block-heading\">Zusammenarbeit bei steuerlichen und strafrechtlichen Ermittlungen<\/h3>\n\n<p>In einigen F\u00e4llen kann Schatmakertjes gesetzlich verpflichtet sein, Ihre Daten im Zusammenhang mit steuerlichen oder strafrechtlichen Ermittlungen der Regierung weiterzugeben. In einem solchen Fall sind wir gezwungen, Ihre Daten weiterzugeben, aber wir werden uns im Rahmen der uns gesetzlich gebotenen M\u00f6glichkeiten dagegen wehren. <\/p>\n\n<h3 class=\"wp-block-heading\">Aufbewahrungsfristen<\/h3>\n\n<p>Wir bewahren Ihre Daten so lange auf, wie Sie ein Kunde von uns sind. Das bedeutet, dass wir Ihr Kundenprofil so lange aufbewahren, bis Sie angeben, dass Sie unsere Dienste nicht mehr nutzen m\u00f6chten. Wenn Sie uns dies mitteilen, betrachten wir dies auch als eine Aufforderung zum Vergessenwerden. Aufgrund geltender administrativer Verpflichtungen sind wir verpflichtet, Rechnungen mit Ihren (pers\u00f6nlichen) Daten aufzubewahren, so dass wir diese Daten so lange aufbewahren, wie der geltende Zeitraum l\u00e4uft. Die Mitarbeiter haben jedoch keinen Zugriff mehr auf Ihr Kundenprofil und die Dokumente, die wir als Ergebnis Ihres Auftrags erstellt haben.    <\/p>\n\n<h2 class=\"wp-block-heading\">Ihre Rechte<\/h2>\n\n<p>Auf der Grundlage der geltenden niederl\u00e4ndischen und europ\u00e4ischen Gesetzgebung haben Sie als betroffene Person bestimmte Rechte in Bezug auf die personenbezogenen Daten, die von uns oder in unserem Auftrag verarbeitet werden. Im Folgenden erl\u00e4utern wir, was diese Rechte sind und wie Sie diese Rechte geltend machen k\u00f6nnen. Um Missbrauch zu verhindern, versenden wir grunds\u00e4tzlich Kopien Ihrer Daten nur an die E-Mail-Adresse, die Sie bereits \u00fcber uns kennen. F\u00fcr den Fall, dass Sie die Daten an eine andere E-Mail-Adresse oder z.B. per Post erhalten m\u00f6chten, werden wir Sie bitten, sich zu identifizieren. Wir f\u00fchren Aufzeichnungen \u00fcber abgeschlossene Anfragen, im Falle einer Anfrage zum Vergessen verwalten wir anonymisierte Daten. Alle Erkl\u00e4rungen und Kopien der Daten werden Ihnen in dem maschinenlesbaren Datenformat zugesandt, das wir in unseren Systemen verwenden. Sie haben das Recht, jederzeit eine Beschwerde bei der niederl\u00e4ndischen Datenschutzbeh\u00f6rde einzureichen, wenn Sie den Verdacht haben, dass wir Ihre personenbezogenen Daten falsch verwenden.      <\/p>\n\n<h3 class=\"wp-block-heading\">Recht auf Auskunft<\/h3>\n\n<p>Sie haben jederzeit das Recht, die Daten einzusehen, die wir verarbeiten (oder verarbeitet haben) und die sich auf Sie beziehen oder auf Sie zur\u00fcckgef\u00fchrt werden k\u00f6nnen. Sie k\u00f6nnen eine entsprechende Anfrage an unseren Ansprechpartner f\u00fcr Datenschutzangelegenheiten richten. Sie erhalten innerhalb von 30 Tagen eine Antwort auf Ihre Anfrage. Wenn Ihrem Antrag stattgegeben wird, senden wir Ihnen eine Kopie aller Daten an die uns bekannte E-Mail-Adresse mit einer \u00dcbersicht \u00fcber die Auftragsverarbeiter, die diese Daten speichern, unter Angabe der Kategorie, unter der wir diese Daten gespeichert haben.   <\/p>\n\n<h3 class=\"wp-block-heading\">Recht auf Berichtigung<\/h3>\n\n<p>Sie haben jederzeit das Recht, die Daten, die wir verarbeiten (oder verarbeitet haben) und die sich auf Sie beziehen oder auf Sie zur\u00fcckgef\u00fchrt werden k\u00f6nnen, korrigieren zu lassen. Sie k\u00f6nnen eine entsprechende Anfrage an unseren Ansprechpartner f\u00fcr Datenschutzangelegenheiten richten. Sie erhalten innerhalb von 30 Tagen eine Antwort auf Ihre Anfrage. Wenn Ihrem Antrag stattgegeben wird, senden wir Ihnen eine Best\u00e4tigung \u00fcber die \u00c4nderung der Daten an die uns bekannte E-Mail-Adresse.   <\/p>\n\n<h3 class=\"wp-block-heading\">Recht auf Einschr\u00e4nkung der Verarbeitung<\/h3>\n\n<p>Sie haben jederzeit das Recht, die von uns verarbeiteten (verarbeiteten) Daten, die sich auf Sie beziehen oder auf Sie zur\u00fcckgef\u00fchrt werden k\u00f6nnen, einzuschr\u00e4nken. Sie k\u00f6nnen eine entsprechende Anfrage an unseren Ansprechpartner f\u00fcr Datenschutzangelegenheiten richten. Sie erhalten innerhalb von 30 Tagen eine Antwort auf Ihre Anfrage. Wenn Ihrer Anfrage stattgegeben wird, senden wir Ihnen eine Best\u00e4tigung an die uns bekannte E-Mail-Adresse, dass die Daten nicht mehr verarbeitet werden, bis Sie die Einschr\u00e4nkung aufheben.   <\/p>\n\n<h3 class=\"wp-block-heading\">Recht auf \u00dcbertragbarkeit<\/h3>\n\n<p>Sie haben jederzeit das Recht, die Daten, die wir verarbeiten (oder verarbeitet haben) und die sich auf Sie beziehen oder auf Sie zur\u00fcckgef\u00fchrt werden k\u00f6nnen, von einer anderen Partei durchf\u00fchren zu lassen. Sie k\u00f6nnen eine entsprechende Anfrage an unseren Ansprechpartner f\u00fcr Datenschutzangelegenheiten richten. Sie erhalten innerhalb von 30 Tagen eine Antwort auf Ihre Anfrage. Wenn Ihrem Antrag stattgegeben wird, senden wir Ihnen Kopien oder Kopien aller Daten \u00fcber Sie zu, die wir verarbeitet haben oder die von anderen Auftragsverarbeitern oder Dritten in unserem Auftrag an die uns bekannte E-Mail-Adresse verarbeitet wurden. Aller Voraussicht nach werden wir in einem solchen Fall den Dienst nicht mehr fortf\u00fchren k\u00f6nnen, da die sichere Verkn\u00fcpfung von Dateien nicht mehr gew\u00e4hrleistet werden kann.    <\/p>\n\n<h3 class=\"wp-block-heading\">Widerspruchsrecht und sonstige Rechte<\/h3>\n\n<p>In solchen F\u00e4llen haben Sie das Recht, der Verarbeitung Ihrer personenbezogenen Daten durch oder im Auftrag von Schatmakertjes zu widersprechen. Wenn Sie Widerspruch einlegen, werden wir die Datenverarbeitung bis zur Bearbeitung Ihres Widerspruchs unverz\u00fcglich einstellen. Wenn Ihr Widerspruch begr\u00fcndet ist, werden wir Ihnen Kopien und\/oder Kopien von Daten, die wir verarbeiten (oder verarbeiten lassen), zur Verf\u00fcgung stellen und die Verarbeitung dann dauerhaft einstellen. Sie haben auch das Recht, keiner automatisierten Entscheidungsfindung im Einzelfall oder einem Profiling unterworfen zu werden. Wir verarbeiten Ihre Daten nicht so, dass dieses Recht gilt. Wenn Sie der Meinung sind, dass dies der Fall ist, wenden Sie sich bitte an unseren Ansprechpartner f\u00fcr Datenschutzfragen.     <\/p>\n\n<h2 class=\"wp-block-heading\">Cookies<\/h2>\n\n<h3 class=\"wp-block-heading\">Google Analytics<\/h3>\n\n<p>Cookies des amerikanischen Unternehmens Google werden \u00fcber unsere Website im Rahmen des Dienstes \u201eAnalytics\u201c platziert.<\/p>\n\n<p>Wir nutzen diesen Dienst, um zu \u00fcberwachen und Berichte dar\u00fcber zu erhalten, wie Besucher die Website nutzen.<\/p>\n\n<p>Dieser Auftragsverarbeiter kann auf der Grundlage der geltenden Gesetze und Vorschriften verpflichtet sein, Zugang zu diesen Daten zu gew\u00e4hren. Wir haben Google nicht erlaubt, die erhaltenen Analyseinformationen f\u00fcr andere Google-Dienste zu verwenden. <\/p>\n\n<h3 class=\"wp-block-heading\">Cookies von Drittanbietern<\/h3>\n\n<p>F\u00fcr den Fall, dass Softwarel\u00f6sungen von Drittanbietern Cookies verwenden, wird dies in dieser Datenschutzerkl\u00e4rung angegeben.<\/p>\n\n<h2 class=\"wp-block-heading\">\u00c4nderungen der Datenschutzrichtlinie<\/h2>\n\n<p>Wir behalten uns das Recht vor, unsere Datenschutzerkl\u00e4rung jederzeit zu \u00e4ndern. Auf dieser Seite finden Sie jedoch immer die aktuellste Version. Wenn sich die neue Datenschutzerkl\u00e4rung auf die Art und Weise auswirkt, wie wir bereits \u00fcber Sie erhobene Daten verarbeiten, werden wir Sie per E-Mail benachrichtigen.  <\/p>\n\n<h2 class=\"wp-block-heading\">Kontaktangaben<\/h2>\n\n<h3 class=\"wp-block-heading\">Schatzmacher<\/h3>\n\n<p>Schoolstraat 7 7586AR Overdinkel Nederland T (062) 422-6479 E kellyhaynes@schatmakertjes.nl<\/p>\n\n<h2 class=\"wp-block-heading\">Ansprechpartner f\u00fcr Datenschutzangelegenheiten<\/h2>\n\n<p>Kelly Haynes<\/p>\n","protected":false},"excerpt":{"rendered":"<p>Datenschutzerkl\u00e4rung Schatzmeister \u00dcber unsere Datenschutzerkl\u00e4rung Treasure Makers legt gro\u00dfen Wert auf Ihre Privatsph\u00e4re. Wir verarbeiten daher nur Daten, die wir zur (Verbesserung) unserer Dienstleistungen ben\u00f6tigen und gehen sorgf\u00e4ltig mit den Informationen um, die wir \u00fcber Sie und Ihre Nutzung unserer Dienste gesammelt haben. Wir geben Ihre Daten niemals zu kommerziellen Zwecken an Dritte weiter. Diese [&#8230;]\n","protected":false},"author":1,"featured_media":0,"parent":0,"menu_order":0,"comment_status":"closed","ping_status":"open","template":"","meta":{"advanced_seo_description":"","jetpack_seo_html_title":"","jetpack_seo_noindex":false,"footnotes":""},"class_list":["post-103955","page","type-page","status-publish","hentry"],"jetpack_sharing_enabled":true,"_links":{"self":[{"href":"https:\/\/schatmakertjes.nl\/de\/wp-json\/wp\/v2\/pages\/103955","targetHints":{"allow":["GET"]}}],"collection":[{"href":"https:\/\/schatmakertjes.nl\/de\/wp-json\/wp\/v2\/pages"}],"about":[{"href":"https:\/\/schatmakertjes.nl\/de\/wp-json\/wp\/v2\/types\/page"}],"author":[{"embeddable":true,"href":"https:\/\/schatmakertjes.nl\/de\/wp-json\/wp\/v2\/users\/1"}],"replies":[{"embeddable":true,"href":"https:\/\/schatmakertjes.nl\/de\/wp-json\/wp\/v2\/comments?post=103955"}],"version-history":[{"count":1,"href":"https:\/\/schatmakertjes.nl\/de\/wp-json\/wp\/v2\/pages\/103955\/revisions"}],"predecessor-version":[{"id":103956,"href":"https:\/\/schatmakertjes.nl\/de\/wp-json\/wp\/v2\/pages\/103955\/revisions\/103956"}],"wp:attachment":[{"href":"https:\/\/schatmakertjes.nl\/de\/wp-json\/wp\/v2\/media?parent=103955"}],"curies":[{"name":"wp","href":"https:\/\/api.w.org\/{rel}","templated":true}]}}