{"id":103934,"date":"2021-11-13T00:38:37","date_gmt":"2021-11-12T23:38:37","guid":{"rendered":"https:\/\/schatmakertjes.nl\/haeufig-gestellte-fragen\/"},"modified":"2025-06-13T17:10:45","modified_gmt":"2025-06-13T15:10:45","slug":"haeufig-gestellte-fragen","status":"publish","type":"page","link":"https:\/\/schatmakertjes.nl\/de\/haeufig-gestellte-fragen\/","title":{"rendered":"H\u00e4ufig gestellte Fragen"},"content":{"rendered":"\n<h1 class=\"wp-block-heading has-text-align-center\">H\u00e4ufig gestellte Fragen<\/h1>\n\n<h2 class=\"wp-block-heading\">Wo kaufen Sie Ihre Steine?<\/h2>\n\n<p>Wir arbeiten mit verschiedenen Lieferanten innerhalb und au\u00dferhalb Europas zusammen, wonach die Steine von mir selbst handverlesen werden.<\/p>\n\n<h2 class=\"wp-block-heading\">Warum bezahle ich f\u00fcr eine bestimmte Anzahl von Steinen und nicht pro Kilo?<\/h2>\n\n<p>Ich sortiere alle Steine selbst, damit Sie nur die sch\u00f6nsten erhalten.<br\/>Bei anderen Verk\u00e4ufern, die sie pro Kilo anbieten, zahlt man auch f\u00fcr die weniger sch\u00f6nen Steine und die zerbrochenen Steine.<\/p>\n\n<h2 class=\"wp-block-heading\">Gibt es einen Unterschied zwischen den Sets mit Kacheln und den zuf\u00e4lligen Sets?<\/h2>\n\n<p>Nein, in Bezug auf Anzahl und Qualit\u00e4t sind diese gleich, der Unterschied liegt in der Zeit und M\u00fche, die wir aufwenden, um Fotos von den einzelnen Sets zu machen und hochzuladen.<\/p>\n\n<h2 class=\"wp-block-heading\"><strong>Warum werden die Steine an der langen Seite gemessen?<\/strong><\/h2>\n\n<p>Ich messe die Steine an der l\u00e4ngsten Seite manuell aus. Ich mache das, damit du wei\u00dft, wie gro\u00df die Fl\u00e4che ist, auf der du zeichnen\/malen\/punkten kannst.<br\/>Steine, die man zum Beispiel im Baumarkt kauft, werden anders gemessen, man verwendet ein Siebma\u00df. Das bedeutet, dass die Steine durch ein gro\u00dfes Sieb mit einer bestimmten Gr\u00f6\u00dfe von Quadraten geleitet werden. Ein Beispiel ist die Bildschirmgr\u00f6\u00dfe 30-80, wenn Sie diese Steine im Baumarkt bestellen, kann es sein, dass es Steine unter 30 mm und \u00fcber 80 mm gibt.   <\/p>\n\n<h2 class=\"wp-block-heading\">Muss ich die Steine vor dem Gebrauch waschen?<\/h2>\n\n<p>Wir empfehlen Ihnen, die Steine mit Wasser abzusp\u00fclen und dann gut trocknen zu lassen. Es werden keine Seife oder Reinigungsmittel ben\u00f6tigt. Beim Sp\u00fclen sieht man auch die sch\u00f6nen Farben, die je nach Stein und Steinart unterschiedlich sein k\u00f6nnen.  <\/p>\n\n<h2 class=\"wp-block-heading\">Ist es notwendig, die Steine mit einer Schicht Gesso oder Grundierung zu versehen?<\/h2>\n\n<p>Das h\u00e4ngt vom Stein ab, was Sie herstellen m\u00f6chten und auch von Ihren pers\u00f6nlichen Vorlieben. Auf einem dunklen Stein verwende ich gerne eine Schicht wei\u00dfes Gesso, das sorgt f\u00fcr eine bessere Haftung und die (Acryl-)Farbe deckt danach besser ab. Auf einem hellen Stein verwende ich normalerweise eine Schicht transparentes Gesso, wenn ich die Farbe des Steins als Hintergrund beibehalten m\u00f6chte.  <\/p>\n\n<h2 class=\"wp-block-heading\"><strong>Wie bemale ich die Steine am besten?<\/strong><\/h2>\n\n<p>Das h\u00e4ngt auch davon ab, was Sie machen m\u00f6chten und welche pers\u00f6nlichen Vorlieben Sie haben. Ich verwende Acrylfarbe und Acrylfarbmarker. Meine Lieblingsmarken sind Amsterdam Talens, Daler Rowney, Vallejo, Posca und Molotow.  <\/p>\n\n<h2 class=\"wp-block-heading\">Wie kann man die Steine am besten punktieren?<\/h2>\n\n<p>Um auf einen Stein zu punkten, k\u00f6nnen Sie Tupfenwerkzeuge oder einen Pinsel verwenden und malen. Dotting-Tools finden Sie im Webshop, dies sind die Werkzeuge, die ich selbst am liebsten benutze. Die Struktur Ihrer Farbe ist sehr wichtig. Wenn du fertige Tupffarbe kaufen m\u00f6chtest, empfehle ich dir, eine Hobbyfarbe zu verwenden. Diese ist oft fl\u00fcssiger als normale Acrylfarbe und muss daher nicht mehr mit einem Medium und\/oder Wasser gemischt werden. Ich verkaufe diese Farbe, die sich auch ideal zum Malen eignet, f\u00fcr 3,50 \u20ac pro Streifen mit 6 Farben in handlichen wiederverschlie\u00dfbaren T\u00f6pfen. Um zu bestellen, senden Sie mir bitte eine Nachricht, wenn sie noch nicht im Webshop sind.      <\/p>\n","protected":false},"excerpt":{"rendered":"<p>H\u00e4ufig gestellte Fragen Wo kaufen Sie Ihre Steine? Wir arbeiten mit verschiedenen Lieferanten innerhalb und au\u00dferhalb Europas zusammen, wonach die Steine von mir selbst handverlesen werden. Warum bezahle ich f\u00fcr eine bestimmte Anzahl von Steinen und nicht pro Kilo? Ich sortiere alle Steine selbst, damit Sie nur die sch\u00f6nsten erhalten.Bei anderen Verk\u00e4ufern, die sie pro [&#8230;]\n","protected":false},"author":1,"featured_media":0,"parent":0,"menu_order":0,"comment_status":"closed","ping_status":"closed","template":"","meta":{"advanced_seo_description":"","jetpack_seo_html_title":"","jetpack_seo_noindex":false,"footnotes":""},"class_list":["post-103934","page","type-page","status-publish","hentry"],"jetpack_sharing_enabled":true,"_links":{"self":[{"href":"https:\/\/schatmakertjes.nl\/de\/wp-json\/wp\/v2\/pages\/103934","targetHints":{"allow":["GET"]}}],"collection":[{"href":"https:\/\/schatmakertjes.nl\/de\/wp-json\/wp\/v2\/pages"}],"about":[{"href":"https:\/\/schatmakertjes.nl\/de\/wp-json\/wp\/v2\/types\/page"}],"author":[{"embeddable":true,"href":"https:\/\/schatmakertjes.nl\/de\/wp-json\/wp\/v2\/users\/1"}],"replies":[{"embeddable":true,"href":"https:\/\/schatmakertjes.nl\/de\/wp-json\/wp\/v2\/comments?post=103934"}],"version-history":[{"count":1,"href":"https:\/\/schatmakertjes.nl\/de\/wp-json\/wp\/v2\/pages\/103934\/revisions"}],"predecessor-version":[{"id":103935,"href":"https:\/\/schatmakertjes.nl\/de\/wp-json\/wp\/v2\/pages\/103934\/revisions\/103935"}],"wp:attachment":[{"href":"https:\/\/schatmakertjes.nl\/de\/wp-json\/wp\/v2\/media?parent=103934"}],"curies":[{"name":"wp","href":"https:\/\/api.w.org\/{rel}","templated":true}]}}